{"id":19,"date":"2023-12-12T20:01:38","date_gmt":"2023-12-12T19:01:38","guid":{"rendered":"https:\/\/kf-serre-allonge.fr\/?page_id=19"},"modified":"2024-02-10T20:00:12","modified_gmt":"2024-02-10T19:00:12","slug":"manifeste","status":"publish","type":"page","link":"https:\/\/kf-serre-allonge.fr\/index.php\/manifeste\/","title":{"rendered":"MANIFESTE"},"content":{"rendered":"\n<p class=\"has-normal-font-size\" style=\"letter-spacing:1px\"><em>Premier \u00e9lan, premier \u00e9v\u00e8nement, pour la naissance de notre KolectiF<\/em><\/p>\n\n\n\n<div style=\"height:30px\" aria-hidden=\"true\" class=\"wp-block-spacer\"><\/div>\n\n\n\n<p class=\"has-text-color has-link-color has-large-font-size wp-elements-3f54585d5eaa187c0ab138b47d773b24\" style=\"color:#940d0d\"><strong>PARTAGER<\/strong><\/p>\n\n\n\n<p>Nous mettons en r\u00e9sonance des images et des textes qui sont issus soit de travaux respectifs ant\u00e9rieurs, soit de cr\u00e9ations explicitement n\u00e9es dans le cadre du collectif. Nous nous m\u00ealons\u2026 de tout. Nous signons nos propositions sous le nom du collectif.<\/p>\n\n\n\n<p><\/p>\n\n\n\n<p><\/p>\n\n\n\n<p class=\"has-accent-color has-text-color has-link-color has-large-font-size wp-elements-e639bcdc94f82c0cc7c1f056b1c0677b\"><strong>CROIRE<\/strong><\/p>\n\n\n\n<p>Nous sommes convaincues de l\u2019impact des photographies, qu\u2019elles \u00e9manent d\u2019instants d\u00e9cisifs ou de temps suspendus, et de l\u2019\u00e9lan des mots. Objets po\u00e9tiques ou politiques. Expressions fertiles de nos points de vue.<\/p>\n\n\n\n<p><\/p>\n\n\n\n<p><\/p>\n\n\n\n<p class=\"has-accent-color has-text-color has-link-color has-large-font-size wp-elements-276c411e79c34dae0e4540027ac4b388\"><strong>MONTRER<\/strong><\/p>\n\n\n\n<p>Toutes les fa\u00e7ons, tous les supports sont bienvenus&nbsp;: \u00e9ph\u00e9m\u00e8res ou durables, digitaux ou imprim\u00e9s, au mur ou sur la page.<\/p>\n\n\n\n<p><\/p>\n\n\n\n<p><\/p>\n\n\n\n<p class=\"has-accent-color has-text-color has-link-color has-large-font-size wp-elements-e15107c002e6e6688d4d85fa375b99d7\"><strong>TROUBLER<\/strong><\/p>\n\n\n\n<p>Nous assumons nos \u00e9motions, nos prises de position, nos silences et nos cris.<\/p>\n\n\n\n<p><\/p>\n\n\n\n<p><\/p>\n\n\n\n<p class=\"has-accent-color has-text-color has-link-color has-large-font-size wp-elements-dfb348b195decb62bbfe01a13ef23622\"><strong>AMITIER<\/strong><\/p>\n\n\n\n<p>Nous aimons agir ensemble, nous d\u00e9couvrir, nous surprendre, joyeusement.<\/p>\n\n\n\n<p><\/p>\n\n\n\n<p class=\"has-accent-color has-text-color has-link-color has-large-font-size wp-elements-e39a302e5e26030a41a6065d209999c9\"><strong>RESPIRER\u2026<\/strong>&nbsp;&nbsp;&nbsp;&nbsp;&nbsp;&nbsp;&nbsp;&nbsp;&nbsp;&nbsp;&nbsp;&nbsp;&nbsp;&nbsp;&nbsp;&nbsp;<\/p>\n\n\n\n<div style=\"height:50px\" aria-hidden=\"true\" class=\"wp-block-spacer\"><\/div>\n\n\n<div class=\"wp-block-image\">\n<figure class=\"aligncenter size-full is-resized\"><img loading=\"lazy\" decoding=\"async\" width=\"732\" height=\"334\" src=\"https:\/\/kf-serre-allonge.fr\/wp-content\/uploads\/2023\/12\/LOGO-signature-KolectiF.png\" alt=\"\" class=\"wp-image-108\" style=\"width:145px;height:auto\" srcset=\"https:\/\/kf-serre-allonge.fr\/wp-content\/uploads\/2023\/12\/LOGO-signature-KolectiF.png 732w, https:\/\/kf-serre-allonge.fr\/wp-content\/uploads\/2023\/12\/LOGO-signature-KolectiF-300x137.png 300w\" sizes=\"auto, (max-width: 732px) 100vw, 732px\" \/><\/figure>\n<\/div>","protected":false},"excerpt":{"rendered":"<p>Premier \u00e9lan, premier \u00e9v\u00e8nement, pour la naissance de notre KolectiF PARTAGER Nous mettons en r\u00e9sonance des images et des textes qui sont issus soit de travaux respectifs ant\u00e9rieurs, soit de cr\u00e9ations explicitement n\u00e9es dans le cadre du collectif. Nous nous m\u00ealons\u2026 de tout. Nous signons nos propositions sous le nom du collectif. CROIRE Nous sommes [&hellip;]<\/p>\n","protected":false},"author":2,"featured_media":0,"parent":0,"menu_order":0,"comment_status":"closed","ping_status":"closed","template":"","meta":{"footnotes":""},"class_list":["post-19","page","type-page","status-publish","hentry"],"_links":{"self":[{"href":"https:\/\/kf-serre-allonge.fr\/index.php\/wp-json\/wp\/v2\/pages\/19","targetHints":{"allow":["GET"]}}],"collection":[{"href":"https:\/\/kf-serre-allonge.fr\/index.php\/wp-json\/wp\/v2\/pages"}],"about":[{"href":"https:\/\/kf-serre-allonge.fr\/index.php\/wp-json\/wp\/v2\/types\/page"}],"author":[{"embeddable":true,"href":"https:\/\/kf-serre-allonge.fr\/index.php\/wp-json\/wp\/v2\/users\/2"}],"replies":[{"embeddable":true,"href":"https:\/\/kf-serre-allonge.fr\/index.php\/wp-json\/wp\/v2\/comments?post=19"}],"version-history":[{"count":6,"href":"https:\/\/kf-serre-allonge.fr\/index.php\/wp-json\/wp\/v2\/pages\/19\/revisions"}],"predecessor-version":[{"id":200,"href":"https:\/\/kf-serre-allonge.fr\/index.php\/wp-json\/wp\/v2\/pages\/19\/revisions\/200"}],"wp:attachment":[{"href":"https:\/\/kf-serre-allonge.fr\/index.php\/wp-json\/wp\/v2\/media?parent=19"}],"curies":[{"name":"wp","href":"https:\/\/api.w.org\/{rel}","templated":true}]}}