{"id":25,"date":"2023-12-12T20:02:33","date_gmt":"2023-12-12T19:02:33","guid":{"rendered":"https:\/\/kf-serre-allonge.fr\/?page_id=25"},"modified":"2024-04-22T14:52:32","modified_gmt":"2024-04-22T12:52:32","slug":"nous","status":"publish","type":"page","link":"https:\/\/kf-serre-allonge.fr\/index.php\/nous\/","title":{"rendered":"NOUS"},"content":{"rendered":"<div class=\"wp-block-image\">\n<figure class=\"aligncenter size-full is-resized\"><img loading=\"lazy\" decoding=\"async\" width=\"1511\" height=\"1511\" src=\"https:\/\/kf-serre-allonge.fr\/wp-content\/uploads\/2024\/04\/nous-5-rec-copyright.jpg\" alt=\"\" class=\"wp-image-221\" style=\"width:628px;height:auto\" srcset=\"https:\/\/kf-serre-allonge.fr\/wp-content\/uploads\/2024\/04\/nous-5-rec-copyright.jpg 1511w, https:\/\/kf-serre-allonge.fr\/wp-content\/uploads\/2024\/04\/nous-5-rec-copyright-300x300.jpg 300w, https:\/\/kf-serre-allonge.fr\/wp-content\/uploads\/2024\/04\/nous-5-rec-copyright-1024x1024.jpg 1024w, https:\/\/kf-serre-allonge.fr\/wp-content\/uploads\/2024\/04\/nous-5-rec-copyright-150x150.jpg 150w, https:\/\/kf-serre-allonge.fr\/wp-content\/uploads\/2024\/04\/nous-5-rec-copyright-768x768.jpg 768w, https:\/\/kf-serre-allonge.fr\/wp-content\/uploads\/2024\/04\/nous-5-rec-copyright-1200x1200.jpg 1200w\" sizes=\"auto, (max-width: 1511px) 100vw, 1511px\" \/><\/figure>\n<\/div>\n\n\n<p>Nous sommes deux amies<\/p>\n\n\n\n<p>&nbsp;&nbsp;&nbsp;&nbsp;&nbsp;&nbsp;&nbsp;&nbsp;&nbsp;&nbsp;&nbsp;&nbsp;&nbsp;&nbsp;&nbsp;&nbsp;&nbsp;&nbsp;&nbsp;&nbsp;&nbsp;&nbsp;&nbsp;&nbsp;&nbsp;&nbsp;&nbsp;&nbsp; L\u2019une photographie, l\u2019autre aussi<\/p>\n\n\n\n<p>&nbsp;&nbsp;&nbsp;&nbsp;&nbsp;&nbsp;&nbsp;&nbsp;&nbsp;&nbsp;&nbsp;&nbsp;&nbsp;&nbsp;&nbsp;&nbsp;&nbsp;&nbsp;&nbsp;&nbsp;&nbsp;&nbsp;&nbsp;&nbsp;&nbsp;&nbsp;&nbsp;&nbsp; L\u2019une \u00e9crit, l\u2019autre aussi<\/p>\n\n\n\n<p>&nbsp;&nbsp;&nbsp;&nbsp;&nbsp;&nbsp;&nbsp;&nbsp;&nbsp;&nbsp;&nbsp;&nbsp;&nbsp;&nbsp;&nbsp;&nbsp;&nbsp;&nbsp;&nbsp;&nbsp;&nbsp;&nbsp;&nbsp;&nbsp;&nbsp;&nbsp;&nbsp;&nbsp; Nous nous r\u00e9unissons autour d\u2019un caf\u00e9<\/p>\n\n\n\n<p>&nbsp;&nbsp;&nbsp;&nbsp;&nbsp;&nbsp;&nbsp;&nbsp;&nbsp;&nbsp;&nbsp;&nbsp;&nbsp;&nbsp;&nbsp;&nbsp;&nbsp;&nbsp;&nbsp;&nbsp;&nbsp;&nbsp;&nbsp;&nbsp;&nbsp;&nbsp;&nbsp;&nbsp; L\u2019une commande un serr\u00e9, l\u2019autre un allong\u00e9<\/p>\n\n\n\n<p>&nbsp;&nbsp;&nbsp;&nbsp;&nbsp;&nbsp;&nbsp;&nbsp;&nbsp;&nbsp;&nbsp;&nbsp;&nbsp;&nbsp;&nbsp;&nbsp;&nbsp;&nbsp;&nbsp;&nbsp;&nbsp;&nbsp;&nbsp;&nbsp;&nbsp;&nbsp;&nbsp;&nbsp; KF Serr\u00e9 Allong\u00e9, notre collectif est n\u00e9&nbsp;!<\/p>\n\n\n<div class=\"wp-block-image\">\n<figure class=\"aligncenter size-full is-resized\"><img loading=\"lazy\" decoding=\"async\" width=\"1024\" height=\"768\" src=\"https:\/\/kf-serre-allonge.fr\/wp-content\/uploads\/2024\/01\/1911-28-17-50-04-2-foto-Nous-copyright.jpg\" alt=\"\" class=\"wp-image-203\" style=\"width:516px;height:auto\" srcset=\"https:\/\/kf-serre-allonge.fr\/wp-content\/uploads\/2024\/01\/1911-28-17-50-04-2-foto-Nous-copyright.jpg 1024w, https:\/\/kf-serre-allonge.fr\/wp-content\/uploads\/2024\/01\/1911-28-17-50-04-2-foto-Nous-copyright-300x225.jpg 300w, https:\/\/kf-serre-allonge.fr\/wp-content\/uploads\/2024\/01\/1911-28-17-50-04-2-foto-Nous-copyright-768x576.jpg 768w\" sizes=\"auto, (max-width: 1024px) 100vw, 1024px\" \/><\/figure>\n<\/div>\n\n<div class=\"wp-block-image\">\n<figure class=\"aligncenter size-full is-resized\"><img loading=\"lazy\" decoding=\"async\" width=\"732\" height=\"334\" src=\"https:\/\/kf-serre-allonge.fr\/wp-content\/uploads\/2023\/12\/LOGO-signature-KolectiF.png\" alt=\"\" class=\"wp-image-108\" style=\"width:145px\" srcset=\"https:\/\/kf-serre-allonge.fr\/wp-content\/uploads\/2023\/12\/LOGO-signature-KolectiF.png 732w, https:\/\/kf-serre-allonge.fr\/wp-content\/uploads\/2023\/12\/LOGO-signature-KolectiF-300x137.png 300w\" sizes=\"auto, (max-width: 732px) 100vw, 732px\" \/><\/figure>\n<\/div>","protected":false},"excerpt":{"rendered":"<p>Nous sommes deux amies &nbsp;&nbsp;&nbsp;&nbsp;&nbsp;&nbsp;&nbsp;&nbsp;&nbsp;&nbsp;&nbsp;&nbsp;&nbsp;&nbsp;&nbsp;&nbsp;&nbsp;&nbsp;&nbsp;&nbsp;&nbsp;&nbsp;&nbsp;&nbsp;&nbsp;&nbsp;&nbsp;&nbsp; L\u2019une photographie, l\u2019autre aussi &nbsp;&nbsp;&nbsp;&nbsp;&nbsp;&nbsp;&nbsp;&nbsp;&nbsp;&nbsp;&nbsp;&nbsp;&nbsp;&nbsp;&nbsp;&nbsp;&nbsp;&nbsp;&nbsp;&nbsp;&nbsp;&nbsp;&nbsp;&nbsp;&nbsp;&nbsp;&nbsp;&nbsp; L\u2019une \u00e9crit, l\u2019autre aussi &nbsp;&nbsp;&nbsp;&nbsp;&nbsp;&nbsp;&nbsp;&nbsp;&nbsp;&nbsp;&nbsp;&nbsp;&nbsp;&nbsp;&nbsp;&nbsp;&nbsp;&nbsp;&nbsp;&nbsp;&nbsp;&nbsp;&nbsp;&nbsp;&nbsp;&nbsp;&nbsp;&nbsp; Nous nous r\u00e9unissons autour d\u2019un caf\u00e9 &nbsp;&nbsp;&nbsp;&nbsp;&nbsp;&nbsp;&nbsp;&nbsp;&nbsp;&nbsp;&nbsp;&nbsp;&nbsp;&nbsp;&nbsp;&nbsp;&nbsp;&nbsp;&nbsp;&nbsp;&nbsp;&nbsp;&nbsp;&nbsp;&nbsp;&nbsp;&nbsp;&nbsp; L\u2019une commande un serr\u00e9, l\u2019autre un allong\u00e9 &nbsp;&nbsp;&nbsp;&nbsp;&nbsp;&nbsp;&nbsp;&nbsp;&nbsp;&nbsp;&nbsp;&nbsp;&nbsp;&nbsp;&nbsp;&nbsp;&nbsp;&nbsp;&nbsp;&nbsp;&nbsp;&nbsp;&nbsp;&nbsp;&nbsp;&nbsp;&nbsp;&nbsp; KF Serr\u00e9 Allong\u00e9, notre collectif est n\u00e9&nbsp;!<\/p>\n","protected":false},"author":2,"featured_media":0,"parent":0,"menu_order":0,"comment_status":"closed","ping_status":"closed","template":"","meta":{"footnotes":""},"class_list":["post-25","page","type-page","status-publish","hentry"],"_links":{"self":[{"href":"https:\/\/kf-serre-allonge.fr\/index.php\/wp-json\/wp\/v2\/pages\/25","targetHints":{"allow":["GET"]}}],"collection":[{"href":"https:\/\/kf-serre-allonge.fr\/index.php\/wp-json\/wp\/v2\/pages"}],"about":[{"href":"https:\/\/kf-serre-allonge.fr\/index.php\/wp-json\/wp\/v2\/types\/page"}],"author":[{"embeddable":true,"href":"https:\/\/kf-serre-allonge.fr\/index.php\/wp-json\/wp\/v2\/users\/2"}],"replies":[{"embeddable":true,"href":"https:\/\/kf-serre-allonge.fr\/index.php\/wp-json\/wp\/v2\/comments?post=25"}],"version-history":[{"count":8,"href":"https:\/\/kf-serre-allonge.fr\/index.php\/wp-json\/wp\/v2\/pages\/25\/revisions"}],"predecessor-version":[{"id":222,"href":"https:\/\/kf-serre-allonge.fr\/index.php\/wp-json\/wp\/v2\/pages\/25\/revisions\/222"}],"wp:attachment":[{"href":"https:\/\/kf-serre-allonge.fr\/index.php\/wp-json\/wp\/v2\/media?parent=25"}],"curies":[{"name":"wp","href":"https:\/\/api.w.org\/{rel}","templated":true}]}}